{"id":191466,"date":"2023-05-02T06:31:56","date_gmt":"2023-05-02T06:31:56","guid":{"rendered":"https:\/\/valbravense.com\/?page_id=191466"},"modified":"2025-09-15T14:50:57","modified_gmt":"2025-09-15T20:50:57","slug":"experiences","status":"publish","type":"page","link":"https:\/\/valbravense.com\/es\/experiences\/","title":{"rendered":"Experiencias"},"content":{"rendered":"<h2 class='tpg-widget-heading'>\n\t\t\t\t\t\tEXPERIENCIAS<br \/>\n\t\t\t\t\t\t\t<\/h2>\n<p>\t\t\t\t\t<a data-id=\"198349\" href=\"https:\/\/valbravense.com\/es\/6-fun-facts-about-avandaro-you-probably-didnt-know\/\" target=\"_self\">                        <img fetchpriority=\"high\" decoding=\"async\" src=\"https:\/\/valbravense.com\/wp-content\/uploads\/2025\/06\/padek-real-4-768x512.png\"\n                             width=\"768\"\n                             height=\"512\"\n                             alt=\"padek real (4)\"><br \/>\n\t\t<\/a><\/p>\n<h3><a data-id=\"198349\" href=\"https:\/\/valbravense.com\/es\/6-fun-facts-about-avandaro-you-probably-didnt-know\/\" target=\"_self\">6 datos curiosos sobre Av\u00e1ndaro que probablemente no conoc\u00edas<\/a><\/h3>\n<p>\t\t\t\t\t\t\t\t                    <a href=\"https:\/\/valbravense.com\/es\/2025\/06\/30\/\"><br \/>\n\t\t\t\t\t06\/30\/2025\t\t\t\t<\/a><br \/>\n\t\t\t\t\t\t\tLooking for a weekend escape with a story to tell? Av\u00e1ndaro, a picturesque town nestled in the mountains of Valle de Bravo, is more than just peaceful cabins and lakeside views. Behind its calm&#8230;<br \/>\n\t\t\t\t\t<a data-id=\"198349\" href=\"https:\/\/valbravense.com\/es\/6-fun-facts-about-avandaro-you-probably-didnt-know\/\" target=\"_self\">Leer M\u00e1s<\/a><br \/>\n\t\t\t\t\t<a data-id=\"198234\" href=\"https:\/\/valbravense.com\/es\/looking-to-get-moving-in-avandaro-3-active-plans-to-energize-your-trip\/\" target=\"_self\">                        <img decoding=\"async\" src=\"https:\/\/valbravense.com\/wp-content\/uploads\/2025\/06\/paddle-tennis-6612340_1280-768x512.jpg\"\n                             width=\"768\"\n                             height=\"512\"\n                             alt=\"paddle tennis 6612340 1280\"><br \/>\n\t\t<\/a><\/p>\n<h3><a data-id=\"198234\" href=\"https:\/\/valbravense.com\/es\/looking-to-get-moving-in-avandaro-3-active-plans-to-energize-your-trip\/\" target=\"_self\">Esc\u00e1pate de la ciudad: 3 planes f\u00e1ciles en Av\u00e1ndaro, Valle de Bravo<\/a><\/h3>\n<p>\t\t\t\t\t\t\t\t                    <a href=\"https:\/\/valbravense.com\/es\/2025\/06\/16\/\"><br \/>\n\t\t\t\t\t06\/16\/2025\t\t\t\t<\/a><br \/>\n\t\t\t\t\t\t\tLooking to Get Moving in Av\u00e1ndaro? 3 Active Plans to Energize Your Trip Av\u00e1ndaro and Valle de Bravo are known for their peaceful atmosphere, lush nature, and clean air. But beyond the calm, these&#8230;<br \/>\n\t\t\t\t\t<a data-id=\"198234\" href=\"https:\/\/valbravense.com\/es\/looking-to-get-moving-in-avandaro-3-active-plans-to-energize-your-trip\/\" target=\"_self\">Leer M\u00e1s<\/a><br \/>\n\t\t\t\t\t<a data-id=\"197526\" href=\"https:\/\/valbravense.com\/es\/top-5-must-do-activities-in-valle-de-bravo\/\" target=\"_self\">                        <img decoding=\"async\" src=\"https:\/\/valbravense.com\/wp-content\/uploads\/2025\/01\/padek-real-3-768x512.png\"\n                             width=\"768\"\n                             height=\"512\"\n                             alt=\"padek real (3)\"><br \/>\n\t\t<\/a><\/p>\n<h3><a data-id=\"197526\" href=\"https:\/\/valbravense.com\/es\/top-5-must-do-activities-in-valle-de-bravo\/\" target=\"_self\">5 cosas que tienes que hacer en Av\u00e1ndaro<\/a><\/h3>\n<p>\t\t\t\t\t\t\t\t                    <a href=\"https:\/\/valbravense.com\/es\/2025\/01\/22\/\"><br \/>\n\t\t\t\t\t01\/22\/2025\t\t\t\t<\/a><br \/>\n\t\t\t\t\t\t\tWhen we think of Valle de Bravo and Av\u00e1ndaro, we usually picture peace, nature, and great weather but this destination has a more active and vibrant side that many visitors don\u2019t know about. Whether&#8230;<br \/>\n\t\t\t\t\t<a data-id=\"197526\" href=\"https:\/\/valbravense.com\/es\/top-5-must-do-activities-in-valle-de-bravo\/\" target=\"_self\">Leer M\u00e1s<\/a><br \/>\n\t\t\t\t\t<a data-id=\"197522\" href=\"https:\/\/valbravense.com\/es\/a-luxurious-escape-to-fontana-chica\/\" target=\"_self\">                        <img loading=\"lazy\" decoding=\"async\" src=\"https:\/\/valbravense.com\/wp-content\/uploads\/2025\/01\/padek-real-2-768x512.png\"\n                             width=\"768\"\n                             height=\"512\"\n                             alt=\"padek real (2)\"><br \/>\n\t\t<\/a><\/p>\n<h3><a data-id=\"197522\" href=\"https:\/\/valbravense.com\/es\/a-luxurious-escape-to-fontana-chica\/\" target=\"_self\">Los 5 Mejores Restaurantes en Av\u00e1ndaro<\/a><\/h3>\n<p>\t\t\t\t\t\t\t\t                    <a href=\"https:\/\/valbravense.com\/es\/2025\/01\/22\/\"><br \/>\n\t\t\t\t\t01\/22\/2025\t\t\t\t<\/a><br \/>\n\t\t\t\t\t\t\tOne of the best parts of traveling is trying new food\u2014and Av\u00e1ndaro offers a delicious mix of tradition and creativity. While it\u2019s known for nature and relaxation, its food scene is just as worthy of&#8230;<br \/>\n\t\t\t\t\t<a data-id=\"197522\" href=\"https:\/\/valbravense.com\/es\/a-luxurious-escape-to-fontana-chica\/\" target=\"_self\">Leer M\u00e1s<\/a><\/p>","protected":false},"excerpt":{"rendered":"<p>EXPERIENCES 6 Fun Facts About Av\u00e1ndaro You Probably Didn\u2019t Know 06\/30\/2025 Looking for a weekend escape with a story to tell? Av\u00e1ndaro, a picturesque town nestled in the mountains of Valle de Bravo, is more than just peaceful cabins and lakeside views. Behind its calm&#8230; Read More Escape the city: 3 Easy Plans in Av\u00e1ndaro, [&hellip;]<\/p>\n","protected":false},"author":2,"featured_media":0,"parent":0,"menu_order":0,"comment_status":"closed","ping_status":"closed","template":"","meta":{"_acf_changed":false,"footnotes":""},"class_list":["post-191466","page","type-page","status-publish","hentry"],"acf":[],"jetpack_sharing_enabled":true,"rttpg_featured_image_url":null,"rttpg_author":{"display_name":"dev","author_link":"https:\/\/valbravense.com\/es\/author\/dev\/"},"rttpg_comment":0,"rttpg_category":null,"rttpg_excerpt":"EXPERIENCES 6 Fun Facts About Av\u00e1ndaro You Probably Didn\u2019t Know 06\/30\/2025 Looking for a weekend escape with a story to tell? Av\u00e1ndaro, a picturesque town nestled in the mountains of Valle de Bravo, is more than just peaceful cabins and lakeside views. Behind its calm&#8230; Read More Escape the city: 3 Easy Plans in Av\u00e1ndaro,&hellip;","_links":{"self":[{"href":"https:\/\/valbravense.com\/es\/wp-json\/wp\/v2\/pages\/191466","targetHints":{"allow":["GET"]}}],"collection":[{"href":"https:\/\/valbravense.com\/es\/wp-json\/wp\/v2\/pages"}],"about":[{"href":"https:\/\/valbravense.com\/es\/wp-json\/wp\/v2\/types\/page"}],"author":[{"embeddable":true,"href":"https:\/\/valbravense.com\/es\/wp-json\/wp\/v2\/users\/2"}],"replies":[{"embeddable":true,"href":"https:\/\/valbravense.com\/es\/wp-json\/wp\/v2\/comments?post=191466"}],"version-history":[{"count":81,"href":"https:\/\/valbravense.com\/es\/wp-json\/wp\/v2\/pages\/191466\/revisions"}],"predecessor-version":[{"id":198503,"href":"https:\/\/valbravense.com\/es\/wp-json\/wp\/v2\/pages\/191466\/revisions\/198503"}],"wp:attachment":[{"href":"https:\/\/valbravense.com\/es\/wp-json\/wp\/v2\/media?parent=191466"}],"curies":[{"name":"wp","href":"https:\/\/api.w.org\/{rel}","templated":true}]}}