{"id":195841,"date":"2024-01-10T12:42:46","date_gmt":"2024-01-10T12:42:46","guid":{"rendered":"https:\/\/valbravense.com\/?page_id=195841"},"modified":"2025-07-08T01:48:58","modified_gmt":"2025-07-08T07:48:58","slug":"contact-us","status":"publish","type":"page","link":"https:\/\/valbravense.com\/es\/contact-us\/","title":{"rendered":"Contacto"},"content":{"rendered":"<div data-elementor-type=\"wp-page\" data-elementor-id=\"195841\" class=\"elementor elementor-195841\" data-elementor-post-type=\"page\">\n\t\t\t\t<div class=\"elementor-element elementor-element-db590e5 e-flex e-con-boxed e-con e-parent\" data-id=\"db590e5\" data-element_type=\"container\" data-e-type=\"container\" data-settings=\"{&quot;jet_parallax_layout_list&quot;:[]}\">\n\t\t\t\t\t<div class=\"e-con-inner\">\n\t\t<div class=\"elementor-element elementor-element-a8deee3 e-con-full e-flex e-con e-child\" data-id=\"a8deee3\" data-element_type=\"container\" data-e-type=\"container\" data-settings=\"{&quot;jet_parallax_layout_list&quot;:[]}\">\n\t\t\t\t<div class=\"elementor-element elementor-element-4514386 elementor-widget elementor-widget-heading\" data-id=\"4514386\" data-element_type=\"widget\" data-e-type=\"widget\" data-widget_type=\"heading.default\">\n\t\t\t\t\t<h1 class=\"elementor-heading-title elementor-size-default\">Acerca de Valbravense Maison<\/h1>\t\t\t\t<\/div>\n\t\t\t\t<div class=\"elementor-element elementor-element-2b56c4f elementor-widget-mobile__width-inherit elementor-widget elementor-widget-image\" data-id=\"2b56c4f\" data-element_type=\"widget\" data-e-type=\"widget\" data-widget_type=\"image.default\">\n\t\t\t\t\t\t\t\t\t\t\t\t\t\t\t<img fetchpriority=\"high\" decoding=\"async\" width=\"900\" height=\"1600\" src=\"https:\/\/valbravense.com\/wp-content\/uploads\/2025\/06\/nashua-arquitectura-10-scaled.jpg\" class=\"attachment-full size-full wp-image-198333\" alt=\"nashua arquitectura 10\" srcset=\"https:\/\/valbravense.com\/wp-content\/uploads\/2025\/06\/nashua-arquitectura-10-scaled.jpg 900w, https:\/\/valbravense.com\/wp-content\/uploads\/2025\/06\/nashua-arquitectura-10-169x300.jpg 169w, https:\/\/valbravense.com\/wp-content\/uploads\/2025\/06\/nashua-arquitectura-10-576x1024.jpg 576w, https:\/\/valbravense.com\/wp-content\/uploads\/2025\/06\/nashua-arquitectura-10-768x1365.jpg 768w, https:\/\/valbravense.com\/wp-content\/uploads\/2025\/06\/nashua-arquitectura-10-864x1536.jpg 864w, https:\/\/valbravense.com\/wp-content\/uploads\/2025\/06\/nashua-arquitectura-10-1152x2048.jpg 1152w, https:\/\/valbravense.com\/wp-content\/uploads\/2025\/06\/nashua-arquitectura-10-7x12.jpg 7w, https:\/\/valbravense.com\/wp-content\/uploads\/2025\/06\/nashua-arquitectura-10-281x500.jpg 281w, https:\/\/valbravense.com\/wp-content\/uploads\/2025\/06\/nashua-arquitectura-10-1320x2347.jpg 1320w, https:\/\/valbravense.com\/wp-content\/uploads\/2025\/06\/nashua-arquitectura-10-600x1067.jpg 600w\" sizes=\"(max-width: 900px) 100vw, 900px\" \/>\t\t\t\t\t\t\t\t\t\t\t\t\t\t\t<\/div>\n\t\t\t\t<\/div>\n\t\t<div class=\"elementor-element elementor-element-ff64a7b e-con-full e-flex e-con e-child\" data-id=\"ff64a7b\" data-element_type=\"container\" data-e-type=\"container\" data-settings=\"{&quot;jet_parallax_layout_list&quot;:[]}\">\n\t\t\t\t<div class=\"elementor-element elementor-element-e58195e elementor-widget-mobile__width-inherit elementor-widget elementor-widget-image\" data-id=\"e58195e\" data-element_type=\"widget\" data-e-type=\"widget\" data-widget_type=\"image.default\">\n\t\t\t\t\t\t\t\t\t\t\t\t\t\t\t<img decoding=\"async\" width=\"768\" height=\"960\" src=\"https:\/\/valbravense.com\/wp-content\/uploads\/2025\/06\/nashua-arquitectura-3-768x960.jpg\" class=\"attachment-medium_large size-medium_large wp-image-198288\" alt=\"nashua arquitectura 3\" srcset=\"https:\/\/valbravense.com\/wp-content\/uploads\/2025\/06\/nashua-arquitectura-3-768x960.jpg 768w, https:\/\/valbravense.com\/wp-content\/uploads\/2025\/06\/nashua-arquitectura-3-240x300.jpg 240w, https:\/\/valbravense.com\/wp-content\/uploads\/2025\/06\/nashua-arquitectura-3-819x1024.jpg 819w, https:\/\/valbravense.com\/wp-content\/uploads\/2025\/06\/nashua-arquitectura-3-1229x1536.jpg 1229w, https:\/\/valbravense.com\/wp-content\/uploads\/2025\/06\/nashua-arquitectura-3-1639x2048.jpg 1639w, https:\/\/valbravense.com\/wp-content\/uploads\/2025\/06\/nashua-arquitectura-3-10x12.jpg 10w, https:\/\/valbravense.com\/wp-content\/uploads\/2025\/06\/nashua-arquitectura-3-400x500.jpg 400w, https:\/\/valbravense.com\/wp-content\/uploads\/2025\/06\/nashua-arquitectura-3-1320x1650.jpg 1320w, https:\/\/valbravense.com\/wp-content\/uploads\/2025\/06\/nashua-arquitectura-3-600x750.jpg 600w, https:\/\/valbravense.com\/wp-content\/uploads\/2025\/06\/nashua-arquitectura-3-scaled.jpg 1280w\" sizes=\"(max-width: 768px) 100vw, 768px\" \/>\t\t\t\t\t\t\t\t\t\t\t\t\t\t\t<\/div>\n\t\t\t\t<div class=\"elementor-element elementor-element-5a0ac59 elementor-widget elementor-widget-text-editor\" data-id=\"5a0ac59\" data-element_type=\"widget\" data-e-type=\"widget\" data-widget_type=\"text-editor.default\">\n\t\t\t\t\t\t\t\t\t<p>Somos viajeros apasionados y amantes de experiencias \u00fanicas, dedicada a la creaci\u00f3n de un espacio que se siente como un verdadero hogar lejos del hogar. Inspirado por la belleza natural de Av\u00e1ndaro y el encanto de Valle de Bravo, hemos dise\u00f1ado esta villa con cuidado y atenci\u00f3n al detalle, asegurando cada rinc\u00f3n refleja calidez, elegancia y tranquilidad.<\/p><p>Nuestro objetivo es proporcionar una estancia inolvidable, mezcla de confort de lujo con servicio personalizado. Si se trata de responder a las preguntas, ayudando con late check-out, o compartir tips para mejorar tu experiencia, estamos aqu\u00ed para hacer que su visita sea perfecta e inolvidable.<\/p><p>Bienvenido a nuestro santuario\u2014su escape perfecto para relajarse, recargar, y crear recuerdos duraderos. Es nuestro honor recibirte.<\/p>\t\t\t\t\t\t\t\t<\/div>\n\t\t\t\t<div class=\"elementor-element elementor-element-6bae0cb elementor-list-item-link-inline elementor-mobile-align-center elementor-tablet-align-start elementor-icon-list--layout-traditional elementor-widget elementor-widget-icon-list\" data-id=\"6bae0cb\" data-element_type=\"widget\" data-e-type=\"widget\" data-widget_type=\"icon-list.default\">\n\t\t\t\t\t\t\t<ul class=\"elementor-icon-list-items\">\n\t\t\t\t\t\t\t<li class=\"elementor-icon-list-item\">\n\t\t\t\t\t\t\t\t\t\t\t<a href=\"tel:%20+65%2094505624\">\n\n\t\t\t\t\t\t\t\t\t\t\t\t<span class=\"elementor-icon-list-icon\">\n\t\t\t\t\t\t\t<i aria-hidden=\"true\" class=\"fas fa-mobile-alt\"><\/i>\t\t\t\t\t\t<\/span>\n\t\t\t\t\t\t\t\t\t\t<span class=\"elementor-icon-list-text\">+65 94505624<\/span>\n\t\t\t\t\t\t\t\t\t\t\t<\/a>\n\t\t\t\t\t\t\t\t\t<\/li>\n\t\t\t\t\t\t\t\t<li class=\"elementor-icon-list-item\">\n\t\t\t\t\t\t\t\t\t\t\t<a href=\"mailto:diana.ferreira@valbravense.com\">\n\n\t\t\t\t\t\t\t\t\t\t\t\t<span class=\"elementor-icon-list-icon\">\n\t\t\t\t\t\t\t<i aria-hidden=\"true\" class=\"fas fa-envelope-open\"><\/i>\t\t\t\t\t\t<\/span>\n\t\t\t\t\t\t\t\t\t\t<span class=\"elementor-icon-list-text\">diana.ferreira@valbravense.com<\/span>\n\t\t\t\t\t\t\t\t\t\t\t<\/a>\n\t\t\t\t\t\t\t\t\t<\/li>\n\t\t\t\t\t\t<\/ul>\n\t\t\t\t\t\t<\/div>\n\t\t\t\t<\/div>\n\t\t\t\t\t<\/div>\n\t\t\t\t<\/div>\n\t\t\t\t<\/div>","protected":false},"excerpt":{"rendered":"<p>About Valbravense Maison We are passionate travelers and lovers of unique experiences, dedicated to creating a space that feels like a true home away from home. Inspired by the natural beauty of Av\u00e1ndaro and the charm of Valle de Bravo, we designed this villa with care and attention to detail, ensuring every corner reflects warmth, [&hellip;]<\/p>\n","protected":false},"author":2,"featured_media":0,"parent":0,"menu_order":0,"comment_status":"closed","ping_status":"closed","template":"","meta":{"_acf_changed":false,"footnotes":""},"class_list":["post-195841","page","type-page","status-publish","hentry"],"acf":[],"jetpack_sharing_enabled":true,"rttpg_featured_image_url":null,"rttpg_author":{"display_name":"dev","author_link":"https:\/\/valbravense.com\/es\/author\/dev\/"},"rttpg_comment":0,"rttpg_category":null,"rttpg_excerpt":"About Valbravense Maison We are passionate travelers and lovers of unique experiences, dedicated to creating a space that feels like a true home away from home. Inspired by the natural beauty of Av\u00e1ndaro and the charm of Valle de Bravo, we designed this villa with care and attention to detail, ensuring every corner reflects warmth,&hellip;","_links":{"self":[{"href":"https:\/\/valbravense.com\/es\/wp-json\/wp\/v2\/pages\/195841","targetHints":{"allow":["GET"]}}],"collection":[{"href":"https:\/\/valbravense.com\/es\/wp-json\/wp\/v2\/pages"}],"about":[{"href":"https:\/\/valbravense.com\/es\/wp-json\/wp\/v2\/types\/page"}],"author":[{"embeddable":true,"href":"https:\/\/valbravense.com\/es\/wp-json\/wp\/v2\/users\/2"}],"replies":[{"embeddable":true,"href":"https:\/\/valbravense.com\/es\/wp-json\/wp\/v2\/comments?post=195841"}],"version-history":[{"count":58,"href":"https:\/\/valbravense.com\/es\/wp-json\/wp\/v2\/pages\/195841\/revisions"}],"predecessor-version":[{"id":198466,"href":"https:\/\/valbravense.com\/es\/wp-json\/wp\/v2\/pages\/195841\/revisions\/198466"}],"wp:attachment":[{"href":"https:\/\/valbravense.com\/es\/wp-json\/wp\/v2\/media?parent=195841"}],"curies":[{"name":"wp","href":"https:\/\/api.w.org\/{rel}","templated":true}]}}