{"id":196974,"date":"2024-11-20T11:06:56","date_gmt":"2024-11-20T11:06:56","guid":{"rendered":"https:\/\/valbravense.com\/?page_id=196974"},"modified":"2025-04-21T13:12:53","modified_gmt":"2025-04-21T19:12:53","slug":"terms-and-conditions","status":"publish","type":"page","link":"https:\/\/valbravense.com\/es\/terms-and-conditions\/","title":{"rendered":"T\u00e9rminos y Condiciones"},"content":{"rendered":"<div data-elementor-type=\"wp-page\" data-elementor-id=\"196974\" class=\"elementor elementor-196974\" data-elementor-post-type=\"page\">\n\t\t\t\t<div class=\"elementor-element elementor-element-563cf47 e-flex e-con-boxed e-con e-parent\" data-id=\"563cf47\" data-element_type=\"container\" data-e-type=\"container\" data-settings=\"{&quot;jet_parallax_layout_list&quot;:[]}\">\n\t\t\t\t\t<div class=\"e-con-inner\">\n\t\t<div class=\"elementor-element elementor-element-d101a14 e-con-full e-flex e-con e-child\" data-id=\"d101a14\" data-element_type=\"container\" data-e-type=\"container\" data-settings=\"{&quot;jet_parallax_layout_list&quot;:[]}\">\n\t\t\t\t<div class=\"elementor-element elementor-element-4895d79 elementor-widget elementor-widget-heading\" data-id=\"4895d79\" data-element_type=\"widget\" data-e-type=\"widget\" data-widget_type=\"heading.default\">\n\t\t\t\t\t<h1 class=\"elementor-heading-title elementor-size-default\">T\u00e9rminos y Condiciones<\/h1>\t\t\t\t<\/div>\n\t\t\t\t<div class=\"elementor-element elementor-element-2bcda36 elementor-widget elementor-widget-text-editor\" data-id=\"2bcda36\" data-element_type=\"widget\" data-e-type=\"widget\" data-widget_type=\"text-editor.default\">\n\t\t\t\t\t\t\t\t\t<h3><b>1. Introducci\u00f3n<\/b><\/h3><p class=\"p3\">Estos T\u00e9rminos y Condiciones de Reserva (\u201cT\u00e9rminos\u201d) regulan el proceso de reservaci\u00f3n de propiedades a trav\u00e9s de esta plataforma. Al realizar una reservaci\u00f3n, aceptas cumplir con estos t\u00e9rminos. Si no est\u00e1s de acuerdo con alguna parte, te pedimos que no completes la reservaci\u00f3n.<\/p><h3><b>2. Proceso De Reservaci\u00f3n<\/b><\/h3><p class=\"p3\">2.1. <span class=\"s2\"><b>Selecci\u00f3n De La Propiedad:<\/b><\/span>Para reservar la propiedad, se deber\u00e1 enviar una solicitud con las fechas deseadas y cualquier otro dato requerido.<\/p><p class=\"p3\">2.2. <span class=\"s2\"><b>Solicitud De Reservaci\u00f3n:<\/b><\/span>Para reservar una propiedad, se debe enviar una solicitud que incluya las fechas deseadas y otros detalles necesarios.<\/p><p class=\"p3\">2.3. <span class=\"s2\"><b>Confirmaci\u00f3n De La Reservaci\u00f3n:<\/b><\/span>La reservaci\u00f3n solo se considera confirmada una vez que el propietario acepte y se haya enviado una notificaci\u00f3n de confirmaci\u00f3n. La disponibilidad no est\u00e1 garantizada hasta que se confirme.<\/p><p class=\"p3\">2.4. <span class=\"s2\"><b>Pagos:<\/b><\/span>Durante el proceso de reserva se indicar\u00e1n los t\u00e9rminos de pago, incluyendo anticipos o pagos requeridos para asegurar la estancia.<\/p><h3><b>3. Cancelaciones y Cambios<\/b><\/h3><p class=\"p3\">3.1. <span class=\"s2\"><b>Cancelaci\u00f3n por parte del hu\u00e9sped:<\/b><\/span>Las cancelaciones deber\u00e1n ajustarse a la pol\u00edtica espec\u00edfica del propietario, la cual puede incluir penalizaciones seg\u00fan el momento en que se realice.<\/p><p class=\"p3\">3.2. <span class=\"s2\"><b>Cancelaci\u00f3n por parte del propietario:<\/b><\/span>En caso de cancelaci\u00f3n por parte del propietario, se reembolsar\u00e1 cualquier pago realizado. No obstante, no nos responsabilizamos por costos o p\u00e9rdidas adicionales.<\/p><p class=\"p3\">3.3. <span class=\"s2\"><b>Modificaciones:<\/b><\/span>Cualquier cambio a una reserva confirmada (fechas, n\u00famero de hu\u00e9spedes, etc.) est\u00e1 sujeto a disponibilidad y aprobaci\u00f3n. Pueden aplicarse cargos adicionales.<\/p><h3><b>4. Check-in y Check-Out<\/b><\/h3><p class=\"p3\"><b>4.1. Check-In<\/b><b><\/b><\/p><p class=\"p4\">La hora est\u00e1ndar de check-in es a partir de las 15:00 horas. Los detalles espec\u00edficos ser\u00e1n proporcionados por el propietario. Se ofrece la opci\u00f3n de Early Check-In, sujeto a disponibilidad siempre y cuando no haya reservaciones previas en el d\u00eda que se solicita. Este servicio debe adquirirse previamente a trav\u00e9s de nuestra tienda.<\/p><p class=\"p4\">Los hu\u00e9spedes pueden adquirir la opci\u00f3n de <span class=\"s2\"><b>Early Check-in<\/b><\/span> , sujeto a disponibilidad y sin reservas previas ese mismo d\u00eda. Este servicio debe adquirirse previamente a trav\u00e9s de nuestra tienda.<\/p><p class=\"p3\"><b>4.2. Check-Out<\/b><b><\/b><\/p><p class=\"p4\">La hora est\u00e1ndar de salida es a las 11:00 horas. Los hu\u00e9spedes deben desalojar la propiedad a tiempo a menos que una extensi\u00f3n haya sido aprobada para evitar cargos adicionales.<\/p><p class=\"p4\">Un <span class=\"s2\"><b>Late  Check-Out<\/b><\/span> est\u00e1 disponible como servicio opcional en nuestra tienda, sujeto a disponibilidad y siempre que no haya otra reserva programada inmediatamente despu\u00e9s.<\/p><p class=\"p3\"><b>4.3. Requests and Confirmation<\/b><b><\/b><\/p><p class=\"p4\">All early check-in or late check-out services must be purchased in advance and will be confirmed based on property availability. In the event that the service cannot be honored due to back-to-back reservations, the full amount will be refunded.<\/p><h3><b style=\"font-size: 16px;\">5. Responsabilidades del hu\u00e9sped<\/b><\/h3><p class=\"p3\">5.1. <span class=\"s2\"><b>Cuidado de la Propiedad:<\/b><\/span>Los hu\u00e9spedes deber\u00e1n cuidar la propiedad durante su estancia. Cualquier da\u00f1o debe reportarse de inmediato y podr\u00e1 generar cargos por reparaci\u00f3n o reposici\u00f3n.<\/p><p class=\"p3\">5.2. <span class=\"s2\"><b>L\u00edmite De Hu\u00e9spedes:<\/b><\/span>No se debe exceder el n\u00famero m\u00e1ximo de personas indicado en la descripci\u00f3n de la propiedad. De hacerlo, la reserva podr\u00e1 cancelarse sin derecho a reembolso.<\/p><p class=\"p3\">5.3. <span class=\"s2\"><b>Ruido y Conducta:<\/b><\/span>Se espera un comportamiento respetuoso hacia los vecinos y cumplimiento con las normas locales de ruido. Conductas inapropiadas pueden derivar en desalojo sin reembolso.<\/p><h3><b>6. Dep\u00f3sito<\/b><\/h3><p class=\"p3\">6.1. <span class=\"s2\"><b>Requisitos:<\/b><\/span>Se puede requerir un dep\u00f3sito de seguridad como garant\u00eda ante posibles da\u00f1os. El monto y condiciones se informar\u00e1n al momento de la reserva.<\/p><p class=\"p3\">6.2. <span class=\"s2\"><b>Reembolso:<\/b><\/span>El dep\u00f3sito ser\u00e1 reembolsado dentro del plazo estipulado tras el check-out, siempre que no haya da\u00f1os ni violaciones a estos T\u00e9rminos.<\/p><h3><b>7. Limitaci\u00f3n de responsabilidad<\/b><\/h3><p class=\"p3\">7.1 La plataforma act\u00faa \u00fanicamente como intermediario entre propietarios y hu\u00e9spedes. No es propietaria ni administra las propiedades, por lo tanto, no se responsabiliza por el estado de estas ni por la conducta de las partes involucradas.<\/p><p class=\"p3\">7.2 Se recomienda a los hu\u00e9spedes contratar un seguro adecuado para cubrir imprevistos como cancelaciones, lesiones o da\u00f1os a la propiedad.<\/p><h3><b>8. De Resoluci\u00f3n De Disputas<\/b><\/h3><p class=\"p3\">Cualquier disputa deber\u00e1 resolverse directamente entre el hu\u00e9sped y el propietario. La plataforma no act\u00faa como mediador.<\/p><h3><b>9. Ley Aplicable<\/b><\/h3><p class=\"p3\">Estos T\u00e9rminos se rigen por las leyes mexicanas, aplicables al lugar donde se ubica la <span class=\"s2\"><b>Propiedad<\/b><\/span>, y cualquier disputa legal ser\u00e1 resuelta ante los tribunales competentes del lugar.<\/p><h3><b>10. Sobre las modificaciones<\/b><\/h3><p class=\"p3\">La plataforma se reserva el derecho de modificar estos T\u00e9rminos en cualquier momento. Los cambios ser\u00e1n efectivos desde su publicaci\u00f3n en la plataforma. El uso continuo del servicio implica aceptaci\u00f3n de los T\u00e9rminos actualizados.<\/p><hr \/><p class=\"p3\">\u00a0<\/p><hr \/><h2><b>Descargos de Responsabilidad<\/b><\/h2><p class=\"p3\">La propiedad que aparece en este sitio es de propiedad privada y se ofrece para alquiler a corto plazo. Si bien nos esforzamos por mantener toda la informaci\u00f3n precisa y actualizada, no garantizamos la integridad o la fiabilidad de todas las caracter\u00edsticas o servicios enumerados.<\/p><p class=\"p3\">Al reservar una estancia, los hu\u00e9spedes reconocen y aceptan que son los \u00fanicos responsables de sus propias acciones y seguridad durante la misma. El propietario o administrador de la propiedad no se har\u00e1 responsable de ninguna lesi\u00f3n, p\u00e9rdida o da\u00f1o que pueda ocurrir en las instalaciones.<\/p><p class=\"p3\">Eventos imprevistos como mal clima, cortes de servicios p\u00fablicos u otras circunstancias incontrolables pueden afectar su estancia. Si bien haremos todo lo posible para ayudar, no nos hacemos responsables de los inconvenientes o gastos asociados.<\/p><p class=\"p3\">Se requiere que los hu\u00e9spedes cumplan con todas las normas de la casa publicadas y las regulaciones locales. El incumplimiento de estas normas puede resultar en la cancelaci\u00f3n de la reservaci\u00f3n sin reembolso.<\/p><p class=\"p3\">El uso de este sitio web y nuestros servicios de reserva implican la aceptaci\u00f3n de este aviso legal y los T\u00e9rminos y Condiciones completos.<\/p><h3><b>Reglas de la Casa<\/b><\/h3><ul><li><p class=\"p1\"><span class=\"s1\"><b>Check in:<\/b><\/span> A partir de las 3:00 PM \/ <span class=\"s1\"><b>Check-out:<\/b><\/span> 11:00 AM<\/p><\/li><li><p class=\"p1\"><span class=\"s1\"><b>No se permiten mascotas<\/b><\/span> bajo ninguna circunstancia.<\/p><\/li><li><p class=\"p1\"><span class=\"s1\"><b>\u00c1rea designada para fumar:<\/b><\/span> \u00fanicamente en la terraza abierta junto al sky bar. Est\u00e1 estrictamente prohibido fumar en cualquier otra \u00e1rea dentro o fuera de la casa.<\/p><\/li><li><p class=\"p1\"><span class=\"s1\"><b>Est\u00e1 estrictamente prohibido el consumo de drogas, as\u00ed como la realizaci\u00f3n de fiestas, eventos y ceremonias<\/b><\/span> de cualquier tipo. La casa est\u00e1 dedicada al descanso y la tranquilidad.<\/p><\/li><li><p class=\"p1\"><span class=\"s1\"><b>Respeto en \u00e1reas comunes:<\/b><\/span> Se proh\u00edbe el uso de lenguaje altisonante o cualquier acci\u00f3n que atente contra la moral y las buenas costumbres en las \u00e1reas comunes del condominio y las \u00e1reas abiertas de la casa.<\/p><\/li><li><p class=\"p1\"><span class=\"s1\"><b>La m\u00fasica permitida en \u00e1reas abiertas<\/b><\/span> \u00fanicamente a volumen moderado, en un horario de 8:00 a 21:00 horas.<\/p><\/li><li><p class=\"p1\"><span class=\"s1\"><b>Uso de la alberca y el jacuzzi:<\/b><\/span> horario de uso entre las 8:00 y las 21:00 horas. El consumo de bebidas est\u00e1 autorizado \u00fanicamente si se utilizan vasos o copas de pl\u00e1stico, mientras que el consumo de alimentos est\u00e1 estrictamente prohibido. Para los ni\u00f1os, es obligatorio el uso de pa\u00f1ales especiales para nadar.<\/p><\/li><li><p class=\"p1\"><span class=\"s1\"><b>Estacionamiento:<\/b><\/span> La cochera de la casa tiene capacidad para dos autos. Cualquier auto adicional deber\u00e1 estacionarse fuera del condominio, bajo la exclusiva responsabilidad de su propietario. Est\u00e1 estrictamente prohibido ocupar los cajones de estacionamiento de casas vecinas.<\/p><\/li><li><p class=\"p1\"><span class=\"s1\"><b>Uso exclusivo de hu\u00e9spedes:<\/b><\/span> La casa es \u00fanicamente para los hu\u00e9spedes registrados; no est\u00e1 permitido recibir invitados.<\/p><\/li><li><p class=\"p1\"><b>Reporta da\u00f1os e incidentes<\/b><span class=\"s1\"> a un miembro de nuestro staff de manera inmediata.<\/span><\/p><\/li><li><p class=\"p1\"><span class=\"s1\"><b>Cuidado del hogar:<\/b><\/span> Esta no es solo una casa; es nuestro hogar, y es un honor compartirlo contigo. Por favor, tr\u00e1tala con cuidado y respeto como si fuera tuya.<\/p><\/li><\/ul><p class=\"p1\"><span class=\"s1\"><b>No depositar<\/b><\/span> objetos, pa\u00f1ales, algod\u00f3n, toallas sanitarias, toallas desmaquillantes, etc. dentro de las tasas de ba\u00f1o. Por favor depositalos en los contenedores de basura.<\/p><div><strong>Politica de cancelaci\u00f3n<\/strong><\/div><div><div>Si cancelas con m\u00e1s de 30 d\u00edas de anticipaci\u00f3n a la fecha de llegada: Se te devolver\u00e1 el monto total de tu reserva. Si reservas entre 30 y 14 d\u00edas antes de la llegada y cancelas dentro de las 48 horas posteriores a la reserva: tambi\u00e9n recibir\u00e1s un reembolso completo. Si cancelas entre 14 y 7 d\u00edas antes de la llegada: se te reembolsar\u00e1 el 50% del monto total.\nSi cancelas con menos de 7 d\u00edas de anticipaci\u00f3n a la llegada: no habr\u00e1 reembolso.<\/div><\/div>\t\t\t\t\t\t\t\t<\/div>\n\t\t\t\t<\/div>\n\t\t\t\t\t<\/div>\n\t\t\t\t<\/div>\n\t\t\t\t<\/div>","protected":false},"excerpt":{"rendered":"<p>1. Introduction These Booking Terms (\u201cTerms\u201d) govern the reservation and rental of the property through this website. By making a booking, you acknowledge that you have read, understood, and agree to comply with these Terms. If you do not agree with any part of these Terms, please refrain from making a booking. 2. Booking Process [&hellip;]<\/p>\n","protected":false},"author":2,"featured_media":0,"parent":0,"menu_order":0,"comment_status":"closed","ping_status":"closed","template":"","meta":{"_acf_changed":false,"footnotes":""},"class_list":["post-196974","page","type-page","status-publish","hentry"],"acf":[],"jetpack_sharing_enabled":true,"rttpg_featured_image_url":null,"rttpg_author":{"display_name":"dev","author_link":"https:\/\/valbravense.com\/es\/author\/dev\/"},"rttpg_comment":0,"rttpg_category":null,"rttpg_excerpt":"1. Introduction These Booking Terms (\u201cTerms\u201d) govern the reservation and rental of the property through this website. By making a booking, you acknowledge that you have read, understood, and agree to comply with these Terms. If you do not agree with any part of these Terms, please refrain from making a booking. 2. Booking Process&hellip;","_links":{"self":[{"href":"https:\/\/valbravense.com\/es\/wp-json\/wp\/v2\/pages\/196974","targetHints":{"allow":["GET"]}}],"collection":[{"href":"https:\/\/valbravense.com\/es\/wp-json\/wp\/v2\/pages"}],"about":[{"href":"https:\/\/valbravense.com\/es\/wp-json\/wp\/v2\/types\/page"}],"author":[{"embeddable":true,"href":"https:\/\/valbravense.com\/es\/wp-json\/wp\/v2\/users\/2"}],"replies":[{"embeddable":true,"href":"https:\/\/valbravense.com\/es\/wp-json\/wp\/v2\/comments?post=196974"}],"version-history":[{"count":19,"href":"https:\/\/valbravense.com\/es\/wp-json\/wp\/v2\/pages\/196974\/revisions"}],"predecessor-version":[{"id":198103,"href":"https:\/\/valbravense.com\/es\/wp-json\/wp\/v2\/pages\/196974\/revisions\/198103"}],"wp:attachment":[{"href":"https:\/\/valbravense.com\/es\/wp-json\/wp\/v2\/media?parent=196974"}],"curies":[{"name":"wp","href":"https:\/\/api.w.org\/{rel}","templated":true}]}}